{"id":297,"date":"2019-05-09T13:45:03","date_gmt":"2019-05-09T13:45:03","guid":{"rendered":"http:\/\/filippfuchs.de\/?page_id=297"},"modified":"2019-05-09T13:49:10","modified_gmt":"2019-05-09T13:49:10","slug":"impressum","status":"publish","type":"page","link":"https:\/\/www.filippfuchs.de\/?page_id=297","title":{"rendered":"Impressum"},"content":{"rendered":"\n<p>Inhaltlich verantwortlich:<\/p>\n\n\n\n<p>Filipp Fuchs, Keltenweg 66<br>76532 Baden-Baden<\/p>\n\n\n\n<p>Tel: +49(0)1798991035<\/p>\n\n\n\n<p><a href=\"mailto:info@stressdefense.eu\">info@filippfuchs.de<\/a><br>www.filippfuchs.de<br>Ust-ID: DE815383518<\/p>\n\n\n\n<p><strong>Haftungsausschluss<\/strong><\/p>\n\n\n\n<p><strong>Haftung f\u00fcr Inhalte<\/strong><\/p>\n\n\n\n<p>Die Inhalte unserer Seiten wurden mit gr\u00f6\u00dfter Sorgfalt erstellt. F\u00fcr die Richtigkeit, Vollst\u00e4ndigkeit und Aktualit\u00e4t der Inhalte k\u00f6nnen wir jedoch keine Gew\u00e4hr \u00fcbernehmen. Als Diensteanbieter sind wir gem\u00e4\u00df \u00a7 7 Abs.1 TMG f\u00fcr eigene Inhalte auf diesen Seiten nach den allgemeinen Gesetzen verantwortlich. Nach \u00a7\u00a7 8 bis 10 TMG sind wir als Diensteanbieter jedoch nicht verpflichtet, \u00fcbermittelte oder gespeicherte fremde Informationen zu \u00fcberwachen oder nach Umst\u00e4nden zu forschen, die auf eine rechtswidrige T\u00e4tigkeit hinweisen. Verpflichtungen zur Entfernung oder Sperrung der Nutzung von Informationen nach den allgemeinen Gesetzen bleiben hiervon unber\u00fchrt. Eine diesbez\u00fcgliche Haftung ist jedoch erst ab dem Zeitpunkt der Kenntnis einer konkreten Rechtsverletzung m\u00f6glich. Bei bekannt werden von entsprechenden Rechtsverletzungen werden wir diese Inhalte umgehend entfernen.<\/p>\n\n\n\n<p><strong>Haftung f\u00fcr Links<\/strong><\/p>\n\n\n\n<p>Unser Angebot enth\u00e4lt Links zu externen Webseiten Dritter, auf deren Inhalte wir keinen Einfluss haben. Deshalb k\u00f6nnen wir f\u00fcr diese fremden Inhalte auch keine Gew\u00e4hr \u00fcbernehmen. F\u00fcr die Inhalte der verlinkten Seiten ist stets der jeweilige Anbieter oder Betreiber der Seiten verantwortlich. Die verlinkten Seiten wurden zum Zeitpunkt der Verlinkung auf m\u00f6gliche Rechtsverst\u00f6\u00dfe \u00fcberpr\u00fcft. Rechtswidrige Inhalte waren zum Zeitpunkt der Verlinkung nicht erkennbar. Eine permanente inhaltliche Kontrolle der verlinkten Seiten ist jedoch ohne konkrete Anhaltspunkte einer Rechtsverletzung nicht zumutbar. Bei bekannt werden von Rechtsverletzungen werden wir derartige Links umgehend entfernen.<\/p>\n\n\n\n<p><strong>Urheberrecht<\/strong><\/p>\n\n\n\n<p>Die durch die Seitenbetreiber erstellten Inhalte und Werke auf diesen Seiten unterliegen dem deutschen Urheberrecht. Beitr\u00e4ge Dritter sind als solche gekennzeichnet. Die Vervielf\u00e4ltigung, Bearbeitung, Verbreitung und jede Art der Verwertung au\u00dferhalb der Grenzen des Urheberrechtes bed\u00fcrfen der schriftlichen Zustimmung des jeweiligen Autors bzw. Erstellers. Downloads und Kopien dieser Seite sind nur f\u00fcr den privaten, nicht kommerziellen Gebrauch gestattet. Die Betreiber der Seiten sind bem\u00fcht, stets die Urheberrechte anderer zu beachten bzw. auf selbst erstellte sowie lizenzfreie Werke zur\u00fcckzugreifen.<\/p>\n","protected":false},"excerpt":{"rendered":"<p>Inhaltlich verantwortlich: Filipp Fuchs, Keltenweg 6676532 Baden-Baden Tel: +49(0)1798991035 info@filippfuchs.dewww.filippfuchs.deUst-ID: DE815383518 Haftungsausschluss Haftung f\u00fcr Inhalte Die Inhalte unserer Seiten wurden mit gr\u00f6\u00dfter Sorgfalt erstellt. F\u00fcr die Richtigkeit, Vollst\u00e4ndigkeit und Aktualit\u00e4t der Inhalte k\u00f6nnen wir jedoch keine Gew\u00e4hr \u00fcbernehmen. Als Diensteanbieter sind wir gem\u00e4\u00df \u00a7 7 Abs.1 TMG f\u00fcr eigene Inhalte auf diesen Seiten nach den [&hellip;]<\/p>\n","protected":false},"author":1,"featured_media":0,"parent":0,"menu_order":0,"comment_status":"closed","ping_status":"closed","template":"","meta":{"footnotes":""},"class_list":["post-297","page","type-page","status-publish","hentry"],"yoast_head":"<!-- This site is optimized with the Yoast SEO plugin v26.8 - https:\/\/yoast.com\/product\/yoast-seo-wordpress\/ -->\n<title>Impressum - Filipp Fuchs<\/title>\n<meta name=\"robots\" content=\"index, follow, max-snippet:-1, max-image-preview:large, max-video-preview:-1\" \/>\n<link rel=\"canonical\" href=\"https:\/\/www.filippfuchs.de\/?page_id=297\" \/>\n<meta property=\"og:locale\" content=\"de_DE\" \/>\n<meta property=\"og:type\" content=\"article\" \/>\n<meta property=\"og:title\" content=\"Impressum - Filipp Fuchs\" \/>\n<meta property=\"og:description\" content=\"Inhaltlich verantwortlich: Filipp Fuchs, Keltenweg 6676532 Baden-Baden Tel: +49(0)1798991035 info@filippfuchs.dewww.filippfuchs.deUst-ID: DE815383518 Haftungsausschluss Haftung f\u00fcr Inhalte Die Inhalte unserer Seiten wurden mit gr\u00f6\u00dfter Sorgfalt erstellt. F\u00fcr die Richtigkeit, Vollst\u00e4ndigkeit und Aktualit\u00e4t der Inhalte k\u00f6nnen wir jedoch keine Gew\u00e4hr \u00fcbernehmen. Als Diensteanbieter sind wir gem\u00e4\u00df \u00a7 7 Abs.1 TMG f\u00fcr eigene Inhalte auf diesen Seiten nach den [&hellip;]\" \/>\n<meta property=\"og:url\" content=\"https:\/\/www.filippfuchs.de\/?page_id=297\" \/>\n<meta property=\"og:site_name\" content=\"Filipp Fuchs\" \/>\n<meta property=\"article:modified_time\" content=\"2019-05-09T13:49:10+00:00\" \/>\n<meta name=\"twitter:card\" content=\"summary_large_image\" \/>\n<meta name=\"twitter:label1\" content=\"Gesch\u00e4tzte Lesezeit\" \/>\n\t<meta name=\"twitter:data1\" content=\"2\u00a0Minuten\" \/>\n<script type=\"application\/ld+json\" class=\"yoast-schema-graph\">{\"@context\":\"https:\/\/schema.org\",\"@graph\":[{\"@type\":\"WebPage\",\"@id\":\"https:\/\/www.filippfuchs.de\/?page_id=297\",\"url\":\"https:\/\/www.filippfuchs.de\/?page_id=297\",\"name\":\"Impressum - Filipp Fuchs\",\"isPartOf\":{\"@id\":\"https:\/\/www.filippfuchs.de\/#website\"},\"datePublished\":\"2019-05-09T13:45:03+00:00\",\"dateModified\":\"2019-05-09T13:49:10+00:00\",\"breadcrumb\":{\"@id\":\"https:\/\/www.filippfuchs.de\/?page_id=297#breadcrumb\"},\"inLanguage\":\"de\",\"potentialAction\":[{\"@type\":\"ReadAction\",\"target\":[\"https:\/\/www.filippfuchs.de\/?page_id=297\"]}]},{\"@type\":\"BreadcrumbList\",\"@id\":\"https:\/\/www.filippfuchs.de\/?page_id=297#breadcrumb\",\"itemListElement\":[{\"@type\":\"ListItem\",\"position\":1,\"name\":\"Startseite\",\"item\":\"https:\/\/www.filippfuchs.de\/?page_id=17\"},{\"@type\":\"ListItem\",\"position\":2,\"name\":\"Impressum\"}]},{\"@type\":\"WebSite\",\"@id\":\"https:\/\/www.filippfuchs.de\/#website\",\"url\":\"https:\/\/www.filippfuchs.de\/\",\"name\":\"Filipp Fuchs\",\"description\":\"bef\u00e4higen-ermutigen-begleiten\",\"potentialAction\":[{\"@type\":\"SearchAction\",\"target\":{\"@type\":\"EntryPoint\",\"urlTemplate\":\"https:\/\/www.filippfuchs.de\/?s={search_term_string}\"},\"query-input\":{\"@type\":\"PropertyValueSpecification\",\"valueRequired\":true,\"valueName\":\"search_term_string\"}}],\"inLanguage\":\"de\"}]}<\/script>\n<!-- \/ Yoast SEO plugin. -->","yoast_head_json":{"title":"Impressum - Filipp Fuchs","robots":{"index":"index","follow":"follow","max-snippet":"max-snippet:-1","max-image-preview":"max-image-preview:large","max-video-preview":"max-video-preview:-1"},"canonical":"https:\/\/www.filippfuchs.de\/?page_id=297","og_locale":"de_DE","og_type":"article","og_title":"Impressum - Filipp Fuchs","og_description":"Inhaltlich verantwortlich: Filipp Fuchs, Keltenweg 6676532 Baden-Baden Tel: +49(0)1798991035 info@filippfuchs.dewww.filippfuchs.deUst-ID: DE815383518 Haftungsausschluss Haftung f\u00fcr Inhalte Die Inhalte unserer Seiten wurden mit gr\u00f6\u00dfter Sorgfalt erstellt. F\u00fcr die Richtigkeit, Vollst\u00e4ndigkeit und Aktualit\u00e4t der Inhalte k\u00f6nnen wir jedoch keine Gew\u00e4hr \u00fcbernehmen. Als Diensteanbieter sind wir gem\u00e4\u00df \u00a7 7 Abs.1 TMG f\u00fcr eigene Inhalte auf diesen Seiten nach den [&hellip;]","og_url":"https:\/\/www.filippfuchs.de\/?page_id=297","og_site_name":"Filipp Fuchs","article_modified_time":"2019-05-09T13:49:10+00:00","twitter_card":"summary_large_image","twitter_misc":{"Gesch\u00e4tzte Lesezeit":"2\u00a0Minuten"},"schema":{"@context":"https:\/\/schema.org","@graph":[{"@type":"WebPage","@id":"https:\/\/www.filippfuchs.de\/?page_id=297","url":"https:\/\/www.filippfuchs.de\/?page_id=297","name":"Impressum - Filipp Fuchs","isPartOf":{"@id":"https:\/\/www.filippfuchs.de\/#website"},"datePublished":"2019-05-09T13:45:03+00:00","dateModified":"2019-05-09T13:49:10+00:00","breadcrumb":{"@id":"https:\/\/www.filippfuchs.de\/?page_id=297#breadcrumb"},"inLanguage":"de","potentialAction":[{"@type":"ReadAction","target":["https:\/\/www.filippfuchs.de\/?page_id=297"]}]},{"@type":"BreadcrumbList","@id":"https:\/\/www.filippfuchs.de\/?page_id=297#breadcrumb","itemListElement":[{"@type":"ListItem","position":1,"name":"Startseite","item":"https:\/\/www.filippfuchs.de\/?page_id=17"},{"@type":"ListItem","position":2,"name":"Impressum"}]},{"@type":"WebSite","@id":"https:\/\/www.filippfuchs.de\/#website","url":"https:\/\/www.filippfuchs.de\/","name":"Filipp Fuchs","description":"bef\u00e4higen-ermutigen-begleiten","potentialAction":[{"@type":"SearchAction","target":{"@type":"EntryPoint","urlTemplate":"https:\/\/www.filippfuchs.de\/?s={search_term_string}"},"query-input":{"@type":"PropertyValueSpecification","valueRequired":true,"valueName":"search_term_string"}}],"inLanguage":"de"}]}},"_links":{"self":[{"href":"https:\/\/www.filippfuchs.de\/index.php?rest_route=\/wp\/v2\/pages\/297","targetHints":{"allow":["GET"]}}],"collection":[{"href":"https:\/\/www.filippfuchs.de\/index.php?rest_route=\/wp\/v2\/pages"}],"about":[{"href":"https:\/\/www.filippfuchs.de\/index.php?rest_route=\/wp\/v2\/types\/page"}],"author":[{"embeddable":true,"href":"https:\/\/www.filippfuchs.de\/index.php?rest_route=\/wp\/v2\/users\/1"}],"replies":[{"embeddable":true,"href":"https:\/\/www.filippfuchs.de\/index.php?rest_route=%2Fwp%2Fv2%2Fcomments&post=297"}],"version-history":[{"count":2,"href":"https:\/\/www.filippfuchs.de\/index.php?rest_route=\/wp\/v2\/pages\/297\/revisions"}],"predecessor-version":[{"id":299,"href":"https:\/\/www.filippfuchs.de\/index.php?rest_route=\/wp\/v2\/pages\/297\/revisions\/299"}],"wp:attachment":[{"href":"https:\/\/www.filippfuchs.de\/index.php?rest_route=%2Fwp%2Fv2%2Fmedia&parent=297"}],"curies":[{"name":"wp","href":"https:\/\/api.w.org\/{rel}","templated":true}]}}